{"id":7,"date":"2015-11-27T12:08:53","date_gmt":"2015-11-27T11:08:53","guid":{"rendered":"http:\/\/khkbt.se\/?page_id=7"},"modified":"2025-10-14T22:24:56","modified_gmt":"2025-10-14T20:24:56","slug":"valkommen","status":"publish","type":"page","link":"https:\/\/khkbt.se\/","title":{"rendered":"V\u00e4lkommen till"},"content":{"rendered":"<h2 style=\"text-align: justify;\"><b>khkbt<\/b><\/h2>\n<p>KBT och idrottspsykologisk r\u00e5dgivning.<\/p>\n<p>Jag tar emot privatpersoner och f\u00f6retag.<\/p>\n<p>&nbsp;<\/p>\n<p><b>Behandling<\/b><\/p>\n<p>Kognitiv beteendeterapi (KBT) med inslag av Acceptance and commitment therapy (ACT) och Mindfulness.<\/p>\n<p>Exempel p\u00e5 problemomr\u00e5den jag arbetar med \u00e4r:<\/p>\n<ul>\n<li>Depression och nedst\u00e4mdhet<\/li>\n<li>Sorg och krisreaktioner<\/li>\n<li>Stressproblem<\/li>\n<li>S\u00f6mnbesv\u00e4r<\/li>\n<li>\u00c5ngest, oro och fobier<\/li>\n<li>Idrottspsykologisk r\u00e5dgivning<\/li>\n<\/ul>\n","protected":false},"excerpt":{"rendered":"<p>khkbt KBT och idrottspsykologisk r\u00e5dgivning. Jag tar emot privatpersoner och f\u00f6retag. &nbsp; Behandling Kognitiv beteendeterapi (KBT) med inslag av Acceptance and commitment therapy (ACT) och Mindfulness. Exempel p\u00e5 problemomr\u00e5den jag arbetar med \u00e4r: Depression och nedst\u00e4mdhet Sorg och krisreaktioner Stressproblem S\u00f6mnbesv\u00e4r \u00c5ngest, oro och fobier Idrottspsykologisk r\u00e5dgivning<\/p>\n","protected":false},"author":1,"featured_media":0,"parent":0,"menu_order":10,"comment_status":"closed","ping_status":"closed","template":"","meta":{"footnotes":""},"class_list":["post-7","page","type-page","status-publish","hentry"],"_links":{"self":[{"href":"https:\/\/khkbt.se\/index.php?rest_route=\/wp\/v2\/pages\/7","targetHints":{"allow":["GET"]}}],"collection":[{"href":"https:\/\/khkbt.se\/index.php?rest_route=\/wp\/v2\/pages"}],"about":[{"href":"https:\/\/khkbt.se\/index.php?rest_route=\/wp\/v2\/types\/page"}],"author":[{"embeddable":true,"href":"https:\/\/khkbt.se\/index.php?rest_route=\/wp\/v2\/users\/1"}],"replies":[{"embeddable":true,"href":"https:\/\/khkbt.se\/index.php?rest_route=%2Fwp%2Fv2%2Fcomments&post=7"}],"version-history":[{"count":10,"href":"https:\/\/khkbt.se\/index.php?rest_route=\/wp\/v2\/pages\/7\/revisions"}],"predecessor-version":[{"id":39,"href":"https:\/\/khkbt.se\/index.php?rest_route=\/wp\/v2\/pages\/7\/revisions\/39"}],"wp:attachment":[{"href":"https:\/\/khkbt.se\/index.php?rest_route=%2Fwp%2Fv2%2Fmedia&parent=7"}],"curies":[{"name":"wp","href":"https:\/\/api.w.org\/{rel}","templated":true}]}}